{"id":895,"date":"2023-02-02T10:19:08","date_gmt":"2023-02-02T10:19:08","guid":{"rendered":"https:\/\/www.eaiib.agh.edu.pl\/en\/?page_id=895"},"modified":"2025-02-11T13:00:06","modified_gmt":"2025-02-11T13:00:06","slug":"departmental-authorities","status":"publish","type":"page","link":"https:\/\/www.eaiib.agh.edu.pl\/en\/departmental-authorities\/","title":{"rendered":"Departmental authorities"},"content":{"rendered":"\t\t<div data-elementor-type=\"wp-page\" data-elementor-id=\"895\" class=\"elementor elementor-895\">\n\t\t\t\t\t\t<section class=\"elementor-section elementor-top-section elementor-element elementor-element-15b8ce60 elementor-section-boxed elementor-section-height-default elementor-section-height-default\" data-id=\"15b8ce60\" data-element_type=\"section\" data-settings=\"{&quot;jet_parallax_layout_list&quot;:[]}\">\n\t\t\t\t\t\t<div class=\"elementor-container elementor-column-gap-default\">\n\t\t\t\t\t<div class=\"elementor-column elementor-col-100 elementor-top-column elementor-element elementor-element-57faa0cf\" data-id=\"57faa0cf\" data-element_type=\"column\">\n\t\t\t<div class=\"elementor-widget-wrap elementor-element-populated\">\n\t\t\t\t\t\t<div class=\"elementor-element elementor-element-4b3180bf elementor-widget elementor-widget-heading\" data-id=\"4b3180bf\" data-element_type=\"widget\" data-widget_type=\"heading.default\">\n\t\t\t\t<div class=\"elementor-widget-container\">\n\t\t\t\t\t<h2 class=\"elementor-heading-title elementor-size-default\"><a href=\"https:\/\/www.eaiib.agh.edu.pl\/en\/departmental-authorities\/\">Departmental authorities<\/a><\/h2>\t\t\t\t<\/div>\n\t\t\t\t<\/div>\n\t\t\t\t\t<\/div>\n\t\t<\/div>\n\t\t\t\t\t<\/div>\n\t\t<\/section>\n\t\t\t\t<section class=\"elementor-section elementor-top-section elementor-element elementor-element-4fdef3ed elementor-section-content-middle elementor-section-stretched elementor-section-boxed elementor-section-height-default elementor-section-height-default\" data-id=\"4fdef3ed\" data-element_type=\"section\" data-settings=\"{&quot;jet_parallax_layout_list&quot;:[],&quot;stretch_section&quot;:&quot;section-stretched&quot;}\">\n\t\t\t\t\t\t<div class=\"elementor-container elementor-column-gap-no\">\n\t\t\t\t\t<div class=\"elementor-column elementor-col-33 elementor-top-column elementor-element elementor-element-7c158b59 elementor-hidden-mobile\" data-id=\"7c158b59\" data-element_type=\"column\">\n\t\t\t<div class=\"elementor-widget-wrap\">\n\t\t\t\t\t\t\t<\/div>\n\t\t<\/div>\n\t\t\t\t<div class=\"elementor-column elementor-col-33 elementor-top-column elementor-element elementor-element-4776730f\" data-id=\"4776730f\" data-element_type=\"column\" data-settings=\"{&quot;background_background&quot;:&quot;classic&quot;}\">\n\t\t\t<div class=\"elementor-widget-wrap elementor-element-populated\">\n\t\t\t\t\t\t<div class=\"elementor-element elementor-element-298a3bd2 elementor-widget elementor-widget-jet-team-member\" data-id=\"298a3bd2\" data-element_type=\"widget\" data-widget_type=\"jet-team-member.default\">\n\t\t\t\t<div class=\"elementor-widget-container\">\n\t\t\t\t\t<div class=\"elementor-jet-team-member jet-elements\"><div class=\"jet-team-member\">\n\t<div class=\"jet-team-member__inner\">\n\t\t<div class=\"jet-team-member__image\">\n\t\t\t<div class=\"jet-team-member__cover\"><\/div>\n\t\t\t<figure class=\"jet-team-member__figure\"><img fetchpriority=\"high\" decoding=\"async\" width=\"720\" height=\"720\" src=\"https:\/\/www.eaiib.agh.edu.pl\/en\/wp-content\/uploads\/2023\/02\/dr-hab-inz.-Edyta-Kucharska-AGH.jpg\" class=\"jet-team-member__img-tag\" alt=\"dr-hab-inz.-Edyta-Kucharska-AGH\" srcset=\"https:\/\/www.eaiib.agh.edu.pl\/en\/wp-content\/uploads\/2023\/02\/dr-hab-inz.-Edyta-Kucharska-AGH.jpg 720w, https:\/\/www.eaiib.agh.edu.pl\/en\/wp-content\/uploads\/2023\/02\/dr-hab-inz.-Edyta-Kucharska-AGH-300x300.jpg 300w, https:\/\/www.eaiib.agh.edu.pl\/en\/wp-content\/uploads\/2023\/02\/dr-hab-inz.-Edyta-Kucharska-AGH-150x150.jpg 150w, https:\/\/www.eaiib.agh.edu.pl\/en\/wp-content\/uploads\/2023\/02\/dr-hab-inz.-Edyta-Kucharska-AGH-500x500.jpg 500w\" sizes=\"(max-width: 720px) 100vw, 720px\" \/><\/figure>\t\t<\/div>\n\t\t<div class=\"jet-team-member__content\"><h3 class=\"jet-team-member__name\"><span class=\"jet-team-member__name-first\">Edyta Kucharska<\/span><span class=\"jet-team-member__name-last\"> <br>dr hab. in\u017c., prof. AGH<\/span><\/h3><div class=\"jet-team-member__position\"><span>DEAN OF THE FACULTY<\/span><\/div><p class=\"jet-team-member__desc\">Phone:  12 617-28-00<\/p><div class=\"jet-team-member__socials\"><div class=\"jet-team-member__socials-item\"><a href=\"mailto:dziekan@eaiib.agh.edu.pl\" aria-label=\"Mail\"><div class=\"jet-team-member__socials-icon\"><div class=\"inner\"><span class=\"jet-elements-icon\"><i aria-hidden=\"true\" class=\"fas fa-at\"><\/i><\/span><\/div><\/div><\/a><\/div><\/div><\/div>\n\t<\/div>\n<\/div>\n<\/div>\t\t\t\t<\/div>\n\t\t\t\t<\/div>\n\t\t\t\t\t<\/div>\n\t\t<\/div>\n\t\t\t\t<div class=\"elementor-column elementor-col-33 elementor-top-column elementor-element elementor-element-6eedc9ac\" data-id=\"6eedc9ac\" data-element_type=\"column\">\n\t\t\t<div class=\"elementor-widget-wrap\">\n\t\t\t\t\t\t\t<\/div>\n\t\t<\/div>\n\t\t\t\t\t<\/div>\n\t\t<\/section>\n\t\t\t\t<section class=\"elementor-section elementor-top-section elementor-element elementor-element-5fe01b7 elementor-section-boxed elementor-section-height-default elementor-section-height-default\" data-id=\"5fe01b7\" data-element_type=\"section\" data-settings=\"{&quot;jet_parallax_layout_list&quot;:[]}\">\n\t\t\t\t\t\t<div class=\"elementor-container elementor-column-gap-default\">\n\t\t\t\t\t<div class=\"elementor-column elementor-col-33 elementor-top-column elementor-element elementor-element-d720ff7\" data-id=\"d720ff7\" data-element_type=\"column\" data-settings=\"{&quot;background_background&quot;:&quot;classic&quot;}\">\n\t\t\t<div class=\"elementor-widget-wrap elementor-element-populated\">\n\t\t\t\t\t\t<div class=\"elementor-element elementor-element-7e89efe elementor-widget elementor-widget-jet-team-member\" data-id=\"7e89efe\" data-element_type=\"widget\" data-widget_type=\"jet-team-member.default\">\n\t\t\t\t<div class=\"elementor-widget-container\">\n\t\t\t\t\t<div class=\"elementor-jet-team-member jet-elements\"><div class=\"jet-team-member\">\n\t<div class=\"jet-team-member__inner\">\n\t\t<div class=\"jet-team-member__image\">\n\t\t\t<div class=\"jet-team-member__cover\"><\/div>\n\t\t\t<figure class=\"jet-team-member__figure\"><img decoding=\"async\" width=\"600\" height=\"700\" src=\"https:\/\/www.eaiib.agh.edu.pl\/en\/wp-content\/uploads\/2024\/10\/Eliasz-Kantoch-EAIiIB-AGH-Krakow.jpg\" class=\"jet-team-member__img-tag\" alt=\"Eliasz-Kantoch\" srcset=\"https:\/\/www.eaiib.agh.edu.pl\/en\/wp-content\/uploads\/2024\/10\/Eliasz-Kantoch-EAIiIB-AGH-Krakow.jpg 600w, https:\/\/www.eaiib.agh.edu.pl\/en\/wp-content\/uploads\/2024\/10\/Eliasz-Kantoch-EAIiIB-AGH-Krakow-257x300.jpg 257w\" sizes=\"(max-width: 600px) 100vw, 600px\" \/><\/figure>\t\t<\/div>\n\t\t<div class=\"jet-team-member__content\"><h3 class=\"jet-team-member__name\"><span class=\"jet-team-member__name-first\">Eliasz Ka\u0144toch<\/span><span class=\"jet-team-member__name-last\"> <br>dr hab. in\u017c. , prof. AGH<\/span><\/h3><div class=\"jet-team-member__position\"><span>VICEDEAN OF STUDY<\/span><\/div><p class=\"jet-team-member__desc\">for field of study: Biomedical Engineering ; Medical Informatics\n<br>\nroom 27\/B1<br>\nTuesday 11:00 am - 12:00 pm<\/p><div class=\"jet-team-member__socials\"><div class=\"jet-team-member__socials-item\"><a href=\"mailto:dziek.ib.im@eaiib.agh.edu.pl\" aria-label=\"Mail\"><div class=\"jet-team-member__socials-icon\"><div class=\"inner\"><span class=\"jet-elements-icon\"><i aria-hidden=\"true\" class=\"fas fa-at\"><\/i><\/span><\/div><\/div><\/a><\/div><\/div><\/div>\n\t<\/div>\n<\/div>\n<\/div>\t\t\t\t<\/div>\n\t\t\t\t<\/div>\n\t\t\t\t\t<\/div>\n\t\t<\/div>\n\t\t\t\t<div class=\"elementor-column elementor-col-33 elementor-top-column elementor-element elementor-element-5a68efe\" data-id=\"5a68efe\" data-element_type=\"column\" data-settings=\"{&quot;background_background&quot;:&quot;classic&quot;}\">\n\t\t\t<div class=\"elementor-widget-wrap elementor-element-populated\">\n\t\t\t\t\t\t<div class=\"elementor-element elementor-element-497a30d elementor-widget elementor-widget-jet-team-member\" data-id=\"497a30d\" data-element_type=\"widget\" data-widget_type=\"jet-team-member.default\">\n\t\t\t\t<div class=\"elementor-widget-container\">\n\t\t\t\t\t<div class=\"elementor-jet-team-member jet-elements\"><div class=\"jet-team-member\">\n\t<div class=\"jet-team-member__inner\">\n\t\t<div class=\"jet-team-member__image\">\n\t\t\t<div class=\"jet-team-member__cover\"><\/div>\n\t\t\t<figure class=\"jet-team-member__figure\"><img decoding=\"async\" width=\"720\" height=\"720\" src=\"https:\/\/www.eaiib.agh.edu.pl\/en\/wp-content\/uploads\/2023\/02\/dr-inz.-Mikolaj-Skowron-AGH.jpg\" class=\"jet-team-member__img-tag\" alt=\"Miko\u0142aj-Skowron-AGH\" srcset=\"https:\/\/www.eaiib.agh.edu.pl\/en\/wp-content\/uploads\/2023\/02\/dr-inz.-Mikolaj-Skowron-AGH.jpg 720w, https:\/\/www.eaiib.agh.edu.pl\/en\/wp-content\/uploads\/2023\/02\/dr-inz.-Mikolaj-Skowron-AGH-300x300.jpg 300w, https:\/\/www.eaiib.agh.edu.pl\/en\/wp-content\/uploads\/2023\/02\/dr-inz.-Mikolaj-Skowron-AGH-150x150.jpg 150w, https:\/\/www.eaiib.agh.edu.pl\/en\/wp-content\/uploads\/2023\/02\/dr-inz.-Mikolaj-Skowron-AGH-500x500.jpg 500w\" sizes=\"(max-width: 720px) 100vw, 720px\" \/><\/figure>\t\t<\/div>\n\t\t<div class=\"jet-team-member__content\"><h3 class=\"jet-team-member__name\"><span class=\"jet-team-member__name-first\">Miko\u0142aj Skowron<\/span><span class=\"jet-team-member__name-last\"> <br>Ph.D.<\/span><\/h3><div class=\"jet-team-member__position\"><span>VICEDEAN OF STUDENT AND GENERAL AFFAIRS<\/span><\/div><p class=\"jet-team-member__desc\">room 26\/B1<br>\nTuesday 11:00 - 12:00\n<\/p><div class=\"jet-team-member__socials\"><div class=\"jet-team-member__socials-item\"><a href=\"mailto:dziek.stud@eaiib.agh.edu.pl\" aria-label=\"Mail\"><div class=\"jet-team-member__socials-icon\"><div class=\"inner\"><span class=\"jet-elements-icon\"><i aria-hidden=\"true\" class=\"fas fa-at\"><\/i><\/span><\/div><\/div><\/a><\/div><\/div><\/div>\n\t<\/div>\n<\/div>\n<\/div>\t\t\t\t<\/div>\n\t\t\t\t<\/div>\n\t\t\t\t\t<\/div>\n\t\t<\/div>\n\t\t\t\t<div class=\"elementor-column elementor-col-33 elementor-top-column elementor-element elementor-element-3a1c305\" data-id=\"3a1c305\" data-element_type=\"column\" data-settings=\"{&quot;background_background&quot;:&quot;classic&quot;}\">\n\t\t\t<div class=\"elementor-widget-wrap elementor-element-populated\">\n\t\t\t\t\t\t<div class=\"elementor-element elementor-element-5bc8f65 elementor-widget elementor-widget-jet-team-member\" data-id=\"5bc8f65\" data-element_type=\"widget\" data-widget_type=\"jet-team-member.default\">\n\t\t\t\t<div class=\"elementor-widget-container\">\n\t\t\t\t\t<div class=\"elementor-jet-team-member jet-elements\"><div class=\"jet-team-member\">\n\t<div class=\"jet-team-member__inner\">\n\t\t<div class=\"jet-team-member__image\">\n\t\t\t<div class=\"jet-team-member__cover\"><\/div>\n\t\t\t<figure class=\"jet-team-member__figure\"><img loading=\"lazy\" decoding=\"async\" width=\"600\" height=\"700\" src=\"https:\/\/www.eaiib.agh.edu.pl\/en\/wp-content\/uploads\/2024\/10\/Igor-Wojnicki-EAIiIB-AGH-Krakow.jpg\" class=\"jet-team-member__img-tag\" alt=\"Igor-Wojnicki\" srcset=\"https:\/\/www.eaiib.agh.edu.pl\/en\/wp-content\/uploads\/2024\/10\/Igor-Wojnicki-EAIiIB-AGH-Krakow.jpg 600w, https:\/\/www.eaiib.agh.edu.pl\/en\/wp-content\/uploads\/2024\/10\/Igor-Wojnicki-EAIiIB-AGH-Krakow-257x300.jpg 257w\" sizes=\"(max-width: 600px) 100vw, 600px\" \/><\/figure>\t\t<\/div>\n\t\t<div class=\"jet-team-member__content\"><h3 class=\"jet-team-member__name\"><span class=\"jet-team-member__name-first\">Igor Wojnicki<\/span><span class=\"jet-team-member__name-last\"> <br>dr hab. in\u017c. , prof. AGH<\/span><\/h3><div class=\"jet-team-member__position\"><span>VICEDEAN of study and Cooperation<\/span><\/div><p class=\"jet-team-member__desc\"> Computer Science and Intelligent Systems, Computer Science, Information Technology.\n<br>\nroom 27\/B1<br>\nTuesday 11:00 am - 12:00 pm<br>\n\n<\/p><div class=\"jet-team-member__socials\"><div class=\"jet-team-member__socials-item\"><a href=\"mailto:dziek.isi.cs@eaiib.agh.edu.pl\" aria-label=\"Mail\"><div class=\"jet-team-member__socials-icon\"><div class=\"inner\"><span class=\"jet-elements-icon\"><i aria-hidden=\"true\" class=\"fas fa-at\"><\/i><\/span><\/div><\/div><\/a><\/div><\/div><\/div>\n\t<\/div>\n<\/div>\n<\/div>\t\t\t\t<\/div>\n\t\t\t\t<\/div>\n\t\t\t\t\t<\/div>\n\t\t<\/div>\n\t\t\t\t\t<\/div>\n\t\t<\/section>\n\t\t\t\t<section class=\"elementor-section elementor-top-section elementor-element elementor-element-9531c30 elementor-section-boxed elementor-section-height-default elementor-section-height-default\" data-id=\"9531c30\" data-element_type=\"section\" data-settings=\"{&quot;jet_parallax_layout_list&quot;:[]}\">\n\t\t\t\t\t\t<div class=\"elementor-container elementor-column-gap-default\">\n\t\t\t\t\t<div class=\"elementor-column elementor-col-33 elementor-top-column elementor-element elementor-element-b1519ed\" data-id=\"b1519ed\" data-element_type=\"column\" data-settings=\"{&quot;background_background&quot;:&quot;classic&quot;}\">\n\t\t\t<div class=\"elementor-widget-wrap elementor-element-populated\">\n\t\t\t\t\t\t<div class=\"elementor-element elementor-element-e67c818 elementor-widget elementor-widget-jet-team-member\" data-id=\"e67c818\" data-element_type=\"widget\" data-widget_type=\"jet-team-member.default\">\n\t\t\t\t<div class=\"elementor-widget-container\">\n\t\t\t\t\t<div class=\"elementor-jet-team-member jet-elements\"><div class=\"jet-team-member\">\n\t<div class=\"jet-team-member__inner\">\n\t\t<div class=\"jet-team-member__image\">\n\t\t\t<div class=\"jet-team-member__cover\"><\/div>\n\t\t\t<figure class=\"jet-team-member__figure\"><img loading=\"lazy\" decoding=\"async\" width=\"600\" height=\"700\" src=\"https:\/\/www.eaiib.agh.edu.pl\/en\/wp-content\/uploads\/2024\/10\/Joanna-Kwiecien-EAIiIB-AGH-Krakow.jpg\" class=\"jet-team-member__img-tag\" alt=\"Joanna-Kwiecien\" srcset=\"https:\/\/www.eaiib.agh.edu.pl\/en\/wp-content\/uploads\/2024\/10\/Joanna-Kwiecien-EAIiIB-AGH-Krakow.jpg 600w, https:\/\/www.eaiib.agh.edu.pl\/en\/wp-content\/uploads\/2024\/10\/Joanna-Kwiecien-EAIiIB-AGH-Krakow-257x300.jpg 257w\" sizes=\"(max-width: 600px) 100vw, 600px\" \/><\/figure>\t\t<\/div>\n\t\t<div class=\"jet-team-member__content\"><h3 class=\"jet-team-member__name\"><span class=\"jet-team-member__name-first\">Joanna Kwiecie\u0144<\/span><span class=\"jet-team-member__name-last\"> <br>dr hab. in\u017c. , prof. AGH<\/span><\/h3><div class=\"jet-team-member__position\"><span>VICEDEAN OF STUDY and projects<\/span><\/div><p class=\"jet-team-member__desc\">for field of study: <br>Automation and Robotics, \n<br>\n<br>\nroom 27\/B1<br>\nWednesday: 12:00 pm - 13:00 pm<br>\n\n<\/p><div class=\"jet-team-member__socials\"><div class=\"jet-team-member__socials-item\"><a href=\"mailto:dziek.air@eaiib.agh.edu.pl\" aria-label=\"Mail\"><div class=\"jet-team-member__socials-icon\"><div class=\"inner\"><span class=\"jet-elements-icon\"><i aria-hidden=\"true\" class=\"fas fa-at\"><\/i><\/span><\/div><\/div><\/a><\/div><\/div><\/div>\n\t<\/div>\n<\/div>\n<\/div>\t\t\t\t<\/div>\n\t\t\t\t<\/div>\n\t\t\t\t\t<\/div>\n\t\t<\/div>\n\t\t\t\t<div class=\"elementor-column elementor-col-33 elementor-top-column elementor-element elementor-element-f2385b4\" data-id=\"f2385b4\" data-element_type=\"column\" data-settings=\"{&quot;background_background&quot;:&quot;classic&quot;}\">\n\t\t\t<div class=\"elementor-widget-wrap elementor-element-populated\">\n\t\t\t\t\t\t<div class=\"elementor-element elementor-element-2e538e7 elementor-widget elementor-widget-jet-team-member\" data-id=\"2e538e7\" data-element_type=\"widget\" data-widget_type=\"jet-team-member.default\">\n\t\t\t\t<div class=\"elementor-widget-container\">\n\t\t\t\t\t<div class=\"elementor-jet-team-member jet-elements\"><div class=\"jet-team-member\">\n\t<div class=\"jet-team-member__inner\">\n\t\t<div class=\"jet-team-member__image\">\n\t\t\t<div class=\"jet-team-member__cover\"><\/div>\n\t\t\t<figure class=\"jet-team-member__figure\"><img loading=\"lazy\" decoding=\"async\" width=\"600\" height=\"700\" src=\"https:\/\/www.eaiib.agh.edu.pl\/en\/wp-content\/uploads\/2024\/10\/Marcin-Baszynski-EAIiIB-AGH-Krakow.jpg\" class=\"jet-team-member__img-tag\" alt=\"Marcin-Baszynski\" srcset=\"https:\/\/www.eaiib.agh.edu.pl\/en\/wp-content\/uploads\/2024\/10\/Marcin-Baszynski-EAIiIB-AGH-Krakow.jpg 600w, https:\/\/www.eaiib.agh.edu.pl\/en\/wp-content\/uploads\/2024\/10\/Marcin-Baszynski-EAIiIB-AGH-Krakow-257x300.jpg 257w\" sizes=\"(max-width: 600px) 100vw, 600px\" \/><\/figure>\t\t<\/div>\n\t\t<div class=\"jet-team-member__content\"><h3 class=\"jet-team-member__name\"><span class=\"jet-team-member__name-first\">Marcin Baszy\u0144ski<\/span><span class=\"jet-team-member__name-last\"> <br>dr hab. in\u017c., prof. AGH<\/span><\/h3><div class=\"jet-team-member__position\"><span>VICEDEAN OF SCIENCE AND STUDY<\/span><\/div><p class=\"jet-team-member__desc\">for field of study:<br> Electrotechnics, \n<br>\nroom 26\/B1<br>\nMonday 11:00 am - 12:00 pm<br>\nFriday 14:00 - 15:00\n\u2003\n<\/p><div class=\"jet-team-member__socials\"><div class=\"jet-team-member__socials-item\"><a href=\"mailto:dziek.et@eaiib.agh.edu.pl\" aria-label=\"Mail\"><div class=\"jet-team-member__socials-icon\"><div class=\"inner\"><span class=\"jet-elements-icon\"><i aria-hidden=\"true\" class=\"fas fa-at\"><\/i><\/span><\/div><\/div><\/a><\/div><\/div><\/div>\n\t<\/div>\n<\/div>\n<\/div>\t\t\t\t<\/div>\n\t\t\t\t<\/div>\n\t\t\t\t\t<\/div>\n\t\t<\/div>\n\t\t\t\t<div class=\"elementor-column elementor-col-33 elementor-top-column elementor-element elementor-element-3e16fbc\" data-id=\"3e16fbc\" data-element_type=\"column\" data-settings=\"{&quot;background_background&quot;:&quot;classic&quot;}\">\n\t\t\t<div class=\"elementor-widget-wrap elementor-element-populated\">\n\t\t\t\t\t\t<div class=\"elementor-element elementor-element-ef22dbf elementor-widget elementor-widget-jet-team-member\" data-id=\"ef22dbf\" data-element_type=\"widget\" data-widget_type=\"jet-team-member.default\">\n\t\t\t\t<div class=\"elementor-widget-container\">\n\t\t\t\t\t<div class=\"elementor-jet-team-member jet-elements\"><div class=\"jet-team-member\">\n\t<div class=\"jet-team-member__inner\">\n\t\t<div class=\"jet-team-member__image\">\n\t\t\t<div class=\"jet-team-member__cover\"><\/div>\n\t\t\t<figure class=\"jet-team-member__figure\"><img loading=\"lazy\" decoding=\"async\" width=\"600\" height=\"700\" src=\"https:\/\/www.eaiib.agh.edu.pl\/en\/wp-content\/uploads\/2024\/10\/Marek-Stencel-EAIiIB-AGH-Krakow.jpg\" class=\"jet-team-member__img-tag\" alt=\"Marek-Stencel\" srcset=\"https:\/\/www.eaiib.agh.edu.pl\/en\/wp-content\/uploads\/2024\/10\/Marek-Stencel-EAIiIB-AGH-Krakow.jpg 600w, https:\/\/www.eaiib.agh.edu.pl\/en\/wp-content\/uploads\/2024\/10\/Marek-Stencel-EAIiIB-AGH-Krakow-257x300.jpg 257w\" sizes=\"(max-width: 600px) 100vw, 600px\" \/><\/figure>\t\t<\/div>\n\t\t<div class=\"jet-team-member__content\"><h3 class=\"jet-team-member__name\"><span class=\"jet-team-member__name-first\">Marek Stencel<\/span><span class=\"jet-team-member__name-last\"> <br>Ph.D.<\/span><\/h3><div class=\"jet-team-member__position\"><span>VICEDEAN FOR SCIENCE<\/span><\/div><p class=\"jet-team-member__desc\"> for field of study:<br>Microelectronics in Technology and Medicine\n<br>\nroom 26\/B1<br>\nTuesday: 12:30 pm - 13:30 pm<br>\n<\/p><div class=\"jet-team-member__socials\"><div class=\"jet-team-member__socials-item\"><a href=\"mailto:dziek.mtm.ptb@eaiib.agh.edu.pl\" aria-label=\"Mail\"><div class=\"jet-team-member__socials-icon\"><div class=\"inner\"><span class=\"jet-elements-icon\"><i aria-hidden=\"true\" class=\"fas fa-at\"><\/i><\/span><\/div><\/div><\/a><\/div><\/div><\/div>\n\t<\/div>\n<\/div>\n<\/div>\t\t\t\t<\/div>\n\t\t\t\t<\/div>\n\t\t\t\t\t<\/div>\n\t\t<\/div>\n\t\t\t\t\t<\/div>\n\t\t<\/section>\n\t\t\t\t<section class=\"elementor-section elementor-top-section elementor-element elementor-element-f8b062b elementor-section-boxed elementor-section-height-default elementor-section-height-default\" data-id=\"f8b062b\" data-element_type=\"section\" data-settings=\"{&quot;jet_parallax_layout_list&quot;:[]}\">\n\t\t\t\t\t\t<div class=\"elementor-container elementor-column-gap-default\">\n\t\t\t\t\t<div class=\"elementor-column elementor-col-33 elementor-top-column elementor-element elementor-element-1445c44\" data-id=\"1445c44\" data-element_type=\"column\" data-settings=\"{&quot;background_background&quot;:&quot;classic&quot;}\">\n\t\t\t<div class=\"elementor-widget-wrap elementor-element-populated\">\n\t\t\t\t\t\t<div class=\"elementor-element elementor-element-e414b52 elementor-widget elementor-widget-jet-team-member\" data-id=\"e414b52\" data-element_type=\"widget\" data-widget_type=\"jet-team-member.default\">\n\t\t\t\t<div class=\"elementor-widget-container\">\n\t\t\t\t\t<div class=\"elementor-jet-team-member jet-elements\"><div class=\"jet-team-member\">\n\t<div class=\"jet-team-member__inner\">\n\t\t<div class=\"jet-team-member__image\">\n\t\t\t<div class=\"jet-team-member__cover\"><\/div>\n\t\t\t<figure class=\"jet-team-member__figure\"><img loading=\"lazy\" decoding=\"async\" width=\"300\" height=\"298\" src=\"https:\/\/www.eaiib.agh.edu.pl\/en\/wp-content\/uploads\/2023\/02\/ZM2-300x298-1.jpg\" class=\"jet-team-member__img-tag\" alt=\"Zbigniew Marsza\u0142ek\" srcset=\"https:\/\/www.eaiib.agh.edu.pl\/en\/wp-content\/uploads\/2023\/02\/ZM2-300x298-1.jpg 300w, https:\/\/www.eaiib.agh.edu.pl\/en\/wp-content\/uploads\/2023\/02\/ZM2-300x298-1-150x150.jpg 150w\" sizes=\"(max-width: 300px) 100vw, 300px\" \/><\/figure>\t\t<\/div>\n\t\t<div class=\"jet-team-member__content\"><h3 class=\"jet-team-member__name\"><span class=\"jet-team-member__name-first\">Zbigniew Marsza\u0142ek<\/span><span class=\"jet-team-member__name-last\"> <br>M.Sc.<\/span><\/h3><div class=\"jet-team-member__position\"><span>ADMINISTRATIVE DIRECTOR OF THE FACULTY<\/span><\/div><p class=\"jet-team-member__desc\">Phone:  12 617-32-93<\/p><div class=\"jet-team-member__socials\"><div class=\"jet-team-member__socials-item\"><a href=\"mailto:zbigniew.marszalek@agh.edu.pl\" aria-label=\"Mail\"><div class=\"jet-team-member__socials-icon\"><div class=\"inner\"><span class=\"jet-elements-icon\"><i aria-hidden=\"true\" class=\"fas fa-at\"><\/i><\/span><\/div><\/div><\/a><\/div><\/div><\/div>\n\t<\/div>\n<\/div>\n<\/div>\t\t\t\t<\/div>\n\t\t\t\t<\/div>\n\t\t\t\t\t<\/div>\n\t\t<\/div>\n\t\t\t\t<div class=\"elementor-column elementor-col-33 elementor-top-column elementor-element elementor-element-46249b4\" data-id=\"46249b4\" data-element_type=\"column\">\n\t\t\t<div class=\"elementor-widget-wrap\">\n\t\t\t\t\t\t\t<\/div>\n\t\t<\/div>\n\t\t\t\t<div class=\"elementor-column elementor-col-33 elementor-top-column elementor-element elementor-element-bb94529\" data-id=\"bb94529\" data-element_type=\"column\">\n\t\t\t<div class=\"elementor-widget-wrap\">\n\t\t\t\t\t\t\t<\/div>\n\t\t<\/div>\n\t\t\t\t\t<\/div>\n\t\t<\/section>\n\t\t\t\t<section class=\"elementor-section elementor-top-section elementor-element elementor-element-6bcfa6dd elementor-section-boxed elementor-section-height-default elementor-section-height-default\" data-id=\"6bcfa6dd\" data-element_type=\"section\" data-settings=\"{&quot;jet_parallax_layout_list&quot;:[]}\">\n\t\t\t\t\t\t<div class=\"elementor-container elementor-column-gap-default\">\n\t\t\t\t\t<div class=\"elementor-column elementor-col-100 elementor-top-column elementor-element elementor-element-7e7d3125\" data-id=\"7e7d3125\" data-element_type=\"column\">\n\t\t\t<div class=\"elementor-widget-wrap elementor-element-populated\">\n\t\t\t\t\t\t<div class=\"elementor-element elementor-element-46dbe7d8 elementor-widget elementor-widget-spacer\" data-id=\"46dbe7d8\" data-element_type=\"widget\" data-widget_type=\"spacer.default\">\n\t\t\t\t<div class=\"elementor-widget-container\">\n\t\t\t\t\t\t\t<div class=\"elementor-spacer\">\n\t\t\t<div class=\"elementor-spacer-inner\"><\/div>\n\t\t<\/div>\n\t\t\t\t\t\t<\/div>\n\t\t\t\t<\/div>\n\t\t\t\t\t<\/div>\n\t\t<\/div>\n\t\t\t\t\t<\/div>\n\t\t<\/section>\n\t\t\t\t<\/div>\n\t\t","protected":false},"excerpt":{"rendered":"<p>Edyta Kucharska dr hab. in\u017c., prof. AGH DEAN OF THE FACULTY Phone: 12 617-28-00 Eliasz Ka\u0144toch dr hab. in\u017c. , prof. AGH VICEDEAN OF STUDY for field of study: Biomedical Engineering ; Medical Informatics room 27\/B1 Tuesday 11:00 am &#8211; 12:00 pm Miko\u0142aj Skowron Ph.D. VICEDEAN OF STUDENT AND GENERAL AFFAIRS room 26\/B1 Tuesday 11:00 [&hellip;]<\/p>\n","protected":false},"author":1,"featured_media":0,"parent":0,"menu_order":0,"comment_status":"closed","ping_status":"closed","template":"elementor_header_footer","meta":{"_acf_changed":false,"footnotes":""},"class_list":["post-895","page","type-page","status-publish","hentry"],"acf":[],"_links":{"self":[{"href":"https:\/\/www.eaiib.agh.edu.pl\/en\/wp-json\/wp\/v2\/pages\/895","targetHints":{"allow":["GET"]}}],"collection":[{"href":"https:\/\/www.eaiib.agh.edu.pl\/en\/wp-json\/wp\/v2\/pages"}],"about":[{"href":"https:\/\/www.eaiib.agh.edu.pl\/en\/wp-json\/wp\/v2\/types\/page"}],"author":[{"embeddable":true,"href":"https:\/\/www.eaiib.agh.edu.pl\/en\/wp-json\/wp\/v2\/users\/1"}],"replies":[{"embeddable":true,"href":"https:\/\/www.eaiib.agh.edu.pl\/en\/wp-json\/wp\/v2\/comments?post=895"}],"version-history":[{"count":80,"href":"https:\/\/www.eaiib.agh.edu.pl\/en\/wp-json\/wp\/v2\/pages\/895\/revisions"}],"predecessor-version":[{"id":1765,"href":"https:\/\/www.eaiib.agh.edu.pl\/en\/wp-json\/wp\/v2\/pages\/895\/revisions\/1765"}],"wp:attachment":[{"href":"https:\/\/www.eaiib.agh.edu.pl\/en\/wp-json\/wp\/v2\/media?parent=895"}],"curies":[{"name":"wp","href":"https:\/\/api.w.org\/{rel}","templated":true}]}}